{"id":41968,"date":"2022-03-07T13:15:05","date_gmt":"2022-03-07T12:15:05","guid":{"rendered":"https:\/\/www.dbu.de\/topics\/topics\/cultural-assets\/"},"modified":"2025-04-01T11:31:25","modified_gmt":"2025-04-01T09:31:25","slug":"cultural-assets","status":"publish","type":"page","link":"https:\/\/www.dbu.de\/en\/topics\/topic-areas\/cultural-assets\/","title":{"rendered":"Cultural assets"},"content":{"rendered":"<header id='dbu_header_mb-block-a478269c-6f1c-4c22-968b-a54b8099ae7f'><div class='dbu-header dbu-header_fixedheight  '><div class='swiper-wrapper'><div id='dbu_header_mb-block-a478269c-6f1c-4c22-968b-a54b8099ae7f' class='dbu-header dbu-header_fixedheight  swiper-slide' style='background-image: url(https:\/\/www.dbu.de\/app\/uploads\/30304_F0021458_vkopie-Ausdruck-A4_01-1-scaled-e1687504808896-1920x749.jpg)'><div class='dbu-button__icon-wrapper'><div class='dbu-button__icon-copyright'><div class='dbu-button__icon-copyright-icon'>&copy;<\/div><i class='fa-sharp fa-solid fa-circle-xmark dbu-button__icon-copyright-close'><\/i><div class='dbu-button__icon-copyright-text'>Stiftung Preu\u00dfische Schl\u00f6sser und G\u00e4rten Berlin-Brandenburg, Fotograf: Bach, Hans<\/div><\/div><\/div><div class='dbu-header__content'><h1 class='dbu-header__content-headline'>Cultural assets<\/h1><\/div><\/div><\/div><\/div><\/header>\n\n\n<div class=\"wp-block-wordpress-dbu-dbu-container\">\n<p>Anthropogenic influences on the environment damage not only nature, but also nationally valuable cultural assets. The extent and nature of their injury has changed in recent years. These include changes in anthropogenic emissions as well as the effects of climate change and the handling of chemicals formerly brought in for protection. In the sense of sustainable cultural property protection, new strategies, methods, procedures or products must be developed, applied as models and communicated.<\/p>\n\n\n\n<p>The DBU is making an important contribution to this with its funding theme of <a href=\"https:\/\/www.dbu.de\/en\/promotion\/project-funding\/funding-topics\/environment-and-cultural-heritage\/\">Environment and cultural heritage<\/a>. It promotes innovative approaches to the preservation of monuments and museum collections or the protection of historic parks and gardens, which are translated into practical conservation concepts. Project funding addresses a wide variety of damage potentials in this area, aims to exploit the opportunities offered by new digital technologies, and provides important impetus for the advancement of conservation and restoration science in Germany. An important component of this funding theme is the awareness that the preservation of cultural assets is a significant task and obligation to future generations. In order to convey the value of cultural monuments to schoolchildren as well and to teach them methods of preserving cultural heritage, the DBU also supports projects in the field of education for sustainable development and cultural heritage protection.<\/p>\n\n\n\n<figure class=\"wp-block-gallery has-nested-images columns-3 is-cropped wp-block-gallery-1 is-layout-flex wp-block-gallery-is-layout-flex\">\n<figure class=\"wp-block-image size-large\"><a href=\"https:\/\/www.dbu.de\/app\/uploads\/AdobeStock_42472664_\u00a9-Uwe-Graf-stock.adobe_.com_-scaled.jpeg\"><img loading=\"lazy\" decoding=\"async\" width=\"1920\" height=\"1280\" data-id=\"7613\" src=\"https:\/\/www.dbu.de\/app\/uploads\/AdobeStock_42472664_\u00a9-Uwe-Graf-stock.adobe_.com_-1920x1280.jpeg\" alt=\"\" class=\"wp-image-7613\" srcset=\"https:\/\/www.dbu.de\/app\/uploads\/AdobeStock_42472664_\u00a9-Uwe-Graf-stock.adobe_.com_-1920x1280.jpeg 1920w, https:\/\/www.dbu.de\/app\/uploads\/AdobeStock_42472664_\u00a9-Uwe-Graf-stock.adobe_.com_-800x533.jpeg 800w, https:\/\/www.dbu.de\/app\/uploads\/AdobeStock_42472664_\u00a9-Uwe-Graf-stock.adobe_.com_-400x267.jpeg 400w\" sizes=\"auto, (max-width: 1920px) 100vw, 1920px\" \/><\/a><\/figure>\n\n\n\n<figure class=\"wp-block-image size-large\"><a href=\"https:\/\/www.dbu.de\/app\/uploads\/35598_Augustusburg_Scanner-scaled.jpg\"><img loading=\"lazy\" decoding=\"async\" width=\"1920\" height=\"1277\" data-id=\"8120\" src=\"https:\/\/www.dbu.de\/app\/uploads\/35598_Augustusburg_Scanner-1920x1277.jpg\" alt=\"\" class=\"wp-image-8120\" srcset=\"https:\/\/www.dbu.de\/app\/uploads\/35598_Augustusburg_Scanner-1920x1277.jpg 1920w, https:\/\/www.dbu.de\/app\/uploads\/35598_Augustusburg_Scanner-800x532.jpg 800w, https:\/\/www.dbu.de\/app\/uploads\/35598_Augustusburg_Scanner-400x266.jpg 400w\" sizes=\"auto, (max-width: 1920px) 100vw, 1920px\" \/><\/a><figcaption class=\"wp-element-caption\">High-resolution 3D scan of the panel painting by Lucas Cranach the Younger in the Augustusburg Castle Church for the purpose of inventory documentation.<\/figcaption><\/figure>\n\n\n\n<figure class=\"wp-block-image size-large\"><a href=\"https:\/\/www.dbu.de\/app\/uploads\/32593_Mikroskop_Hylotox-Objekt_Copyright-INNOVENT.jpg\"><img loading=\"lazy\" decoding=\"async\" width=\"1920\" height=\"1486\" data-id=\"8118\" src=\"https:\/\/www.dbu.de\/app\/uploads\/32593_Mikroskop_Hylotox-Objekt_Copyright-INNOVENT-1920x1486.jpg\" alt=\"\" class=\"wp-image-8118\" srcset=\"https:\/\/www.dbu.de\/app\/uploads\/32593_Mikroskop_Hylotox-Objekt_Copyright-INNOVENT-1920x1486.jpg 1920w, https:\/\/www.dbu.de\/app\/uploads\/32593_Mikroskop_Hylotox-Objekt_Copyright-INNOVENT-800x619.jpg 800w, https:\/\/www.dbu.de\/app\/uploads\/32593_Mikroskop_Hylotox-Objekt_Copyright-INNOVENT-400x309.jpg 400w, https:\/\/www.dbu.de\/app\/uploads\/32593_Mikroskop_Hylotox-Objekt_Copyright-INNOVENT.jpg 1993w\" sizes=\"auto, (max-width: 1920px) 100vw, 1920px\" \/><\/a><figcaption class=\"wp-element-caption\">Microscope Hylotox object\n\nLegal:\nThe use of this image is permitted exclusively in the context of editorial reporting with content-related references to the Deutsche Bundesstiftung Umwelt (DBU). The image may be reproduced and published free of charge for this purpose. Editing the image is not allowed. Reductions or enlargements that serve the technical preparation for the purpose of optimal reproduction, as well as a cropping that does not distort the central meaning of the image are permitted.<\/figcaption><\/figure>\n<\/figure>\n<\/div>\n","protected":false},"excerpt":{"rendered":"","protected":false},"author":2,"featured_media":0,"parent":41960,"menu_order":3,"comment_status":"closed","ping_status":"closed","template":"","meta":{"footnotes":""},"class_list":["post-41968","page","type-page","status-publish","hentry"],"meta_box":{"dbu_headerimage_cover":"","dbu_submenu":"0","dbu_submenu_position":"","dbu_submenu_entry":[]},"_links":{"self":[{"href":"https:\/\/www.dbu.de\/en\/wp-json\/wp\/v2\/pages\/41968","targetHints":{"allow":["GET"]}}],"collection":[{"href":"https:\/\/www.dbu.de\/en\/wp-json\/wp\/v2\/pages"}],"about":[{"href":"https:\/\/www.dbu.de\/en\/wp-json\/wp\/v2\/types\/page"}],"author":[{"embeddable":true,"href":"https:\/\/www.dbu.de\/en\/wp-json\/wp\/v2\/users\/2"}],"replies":[{"embeddable":true,"href":"https:\/\/www.dbu.de\/en\/wp-json\/wp\/v2\/comments?post=41968"}],"version-history":[{"count":4,"href":"https:\/\/www.dbu.de\/en\/wp-json\/wp\/v2\/pages\/41968\/revisions"}],"predecessor-version":[{"id":132256,"href":"https:\/\/www.dbu.de\/en\/wp-json\/wp\/v2\/pages\/41968\/revisions\/132256"}],"up":[{"embeddable":true,"href":"https:\/\/www.dbu.de\/en\/wp-json\/wp\/v2\/pages\/41960"}],"wp:attachment":[{"href":"https:\/\/www.dbu.de\/en\/wp-json\/wp\/v2\/media?parent=41968"}],"curies":[{"name":"wp","href":"https:\/\/api.w.org\/{rel}","templated":true}]}}