{"id":41786,"date":"2022-06-28T15:04:50","date_gmt":"2022-06-28T13:04:50","guid":{"rendered":"https:\/\/www.dbu.de\/press\/"},"modified":"2023-06-22T14:18:41","modified_gmt":"2023-06-22T12:18:41","slug":"press","status":"publish","type":"page","link":"https:\/\/www.dbu.de\/en\/press\/","title":{"rendered":"Press"},"content":{"rendered":"<header id='dbu_header_mb-block-8940e697-81da-4454-8de3-81146aba5828'><div class='dbu-header dbu-header_fixedheight  '><div class='swiper-wrapper'><div id='dbu_header_mb-block-8940e697-81da-4454-8de3-81146aba5828' class='dbu-header dbu-header_fixedheight  swiper-slide' style='background-image: url(https:\/\/www.dbu.de\/app\/uploads\/dbu-img-header-luftbild.jpg)'><div class='dbu-header__content'><h1 class='dbu-header__content-headline'>Press<\/h1><\/div><\/div><\/div><\/div><\/header>\n\n\n<div class=\"wp-block-wordpress-dbu-dbu-container\">\n<h2 class=\"wp-block-heading\">Press releases<\/h2>\n\n\n<div id='dbu_tile_news_mb-block-8091ac6a-f65e-4499-a671-250a4bec68e8' class='dbu-tile__container '>        <a id=\"dbu_tile_171511\" class=\"dbu-tile dbu-tile_link  js-tilt\" href=\"https:\/\/www.dbu.de\/en\/news\/regionale-kraeuter-und-gemuese-aus-ehemaligen-schweinestaellen\/\">\n            <div class=\"dbu-tile__background\" style=\"background-image: url(https:\/\/www.dbu.de\/app\/uploads\/dbu-media-2026-stallgruen-anbauflaeche-800x450.jpg)\">\n                            <\/div>\n            <div class=\"dbu-tile__content\">\n                <div class=\"dbu-tile__content-background\" style=\"background-image: url(https:\/\/www.dbu.de\/app\/uploads\/dbu-media-2026-stallgruen-anbauflaeche-800x450.jpg)\">\n                    <div class=\"dbu-tile__content-container\">\n                        <div class=\"dbu-tile__content-date\">12. May 2026<\/div>\n                        <h4 class=\"dbu-tile__content-headline\">Regionale Kr\u00e4uter und Gem\u00fcse aus ehemaligen Schweinest\u00e4llen<\/h4>\n                        <div class=\"dbu-tile__content-text\">DBU f\u00f6rdert Startup Stallgr\u00fcn mit 125.000 Euro<\/div>\n                                            <\/div>\n                <\/div>\n            <\/div>\n        <\/a>\n                <a id=\"dbu_tile_178346\" class=\"dbu-tile dbu-tile_link  js-tilt\" href=\"https:\/\/www.dbu.de\/en\/news\/dbu-mehr-kunststoff-recycling-sichert-klimaschutz-und-wirtschaftsstandort\/\">\n            <div class=\"dbu-tile__background\" style=\"background-image: url(https:\/\/www.dbu.de\/app\/uploads\/dbu-media-adobestock-bilder-nicht-zum-download-adobestock-64128444-digitalstock-stockadobe-com-800x534.jpeg)\">\n                            <\/div>\n            <div class=\"dbu-tile__content\">\n                <div class=\"dbu-tile__content-background\" style=\"background-image: url(https:\/\/www.dbu.de\/app\/uploads\/dbu-media-adobestock-bilder-nicht-zum-download-adobestock-64128444-digitalstock-stockadobe-com-800x534.jpeg)\">\n                    <div class=\"dbu-tile__content-container\">\n                        <div class=\"dbu-tile__content-date\">6. May 2026<\/div>\n                        <h4 class=\"dbu-tile__content-headline\">DBU: Mehr Kunststoff-Recycling sichert Klimaschutz und Wirtschaftsstandort<\/h4>\n                        <div class=\"dbu-tile__content-text\">Wuppertal Institut: Sechs Vorschl\u00e4ge zur Rettung der Branche<\/div>\n                                            <\/div>\n                <\/div>\n            <\/div>\n        <\/a>\n                <a id=\"dbu_tile_178342\" class=\"dbu-tile dbu-tile_link  js-tilt\" href=\"https:\/\/www.dbu.de\/en\/news\/passgenaue-verpackungen-per-3d-druck-fuer-nachhaltige-logistik\/\">\n            <div class=\"dbu-tile__background\" style=\"background-image: url(https:\/\/www.dbu.de\/app\/uploads\/dbu-media-adobestock-bilder-nicht-zum-download-adobestock-143344814-alex-traksel-stockadobe-com-800x456.jpg)\">\n                            <\/div>\n            <div class=\"dbu-tile__content\">\n                <div class=\"dbu-tile__content-background\" style=\"background-image: url(https:\/\/www.dbu.de\/app\/uploads\/dbu-media-adobestock-bilder-nicht-zum-download-adobestock-143344814-alex-traksel-stockadobe-com-800x456.jpg)\">\n                    <div class=\"dbu-tile__content-container\">\n                        <div class=\"dbu-tile__content-date\">3. May 2026<\/div>\n                        <h4 class=\"dbu-tile__content-headline\">Passgenaue Verpackungen per 3D-Druck f\u00fcr nachhaltige Logistik<\/h4>\n                        <div class=\"dbu-tile__content-text\">DBU f\u00f6rdert Startup Palprint mit 125.000 Euro<\/div>\n                                            <\/div>\n                <\/div>\n            <\/div>\n        <\/a>\n        <\/div>\n\n<a href='\/news' id='dbu_button_mb-block-10c741f4-d42e-40e2-844e-8c5f7667e49a' class='dbu-button '>More press releases<\/a><\/div>\n\n\n\n<div class=\"wp-block-wordpress-dbu-dbu-container\"><div id='dbu_tile_link_mb-block-eb7b79dd-d9b8-4fb5-9614-dac5c476aa71' class='dbu-tile__container '><div id='dbu_tile_link_mb-block-eb7b79dd-d9b8-4fb5-9614-dac5c476aa71' class='dbu-tile dbu-tile__link'><div class='dbu-tile__content'><div class='dbu-tile__content-container dbu-tile__content-container_single'><h4 class='dbu-tile__content-headline'>Press kit<\/h4><div class='dbu-tile__content-text'><\/div><\/div><\/div><\/div><div id='dbu_tile_link_mb-block-eb7b79dd-d9b8-4fb5-9614-dac5c476aa71' class='dbu-tile dbu-tile__link'><div class='dbu-tile__content'><div class='dbu-tile__content-container dbu-tile__content-container_single'><h4 class='dbu-tile__content-headline'>Press info<\/h4><div class='dbu-tile__content-text'><\/div><\/div><\/div><\/div><div id='dbu_tile_link_mb-block-eb7b79dd-d9b8-4fb5-9614-dac5c476aa71' class='dbu-tile dbu-tile__link'><div class='dbu-tile__content'><div class='dbu-tile__content-container dbu-tile__content-container_single'><h4 class='dbu-tile__content-headline'>Press dates<\/h4><div class='dbu-tile__content-text'><\/div><\/div><\/div><\/div><\/div>\n\n<div id='dbu_tile_link_mb-block-5cc5c5e6-d0c0-43fd-8479-40d94ad069b6' class='dbu-tile__container '><div id='dbu_tile_link_mb-block-5cc5c5e6-d0c0-43fd-8479-40d94ad069b6' class='dbu-tile dbu-tile__link'><div class='dbu-tile__content'><div class='dbu-tile__content-container dbu-tile__content-container_single'><h4 class='dbu-tile__content-headline'>Press image database<\/h4><div class='dbu-tile__content-text'><\/div><\/div><\/div><\/div><div id='dbu_tile_link_mb-block-5cc5c5e6-d0c0-43fd-8479-40d94ad069b6' class='dbu-tile dbu-tile__link'><div class='dbu-tile__content'><div class='dbu-tile__content-container dbu-tile__content-container_single'><h4 class='dbu-tile__content-headline'>Press subscription<\/h4><div class='dbu-tile__content-text'><\/div><\/div><\/div><\/div><div id='dbu_tile_link_mb-block-5cc5c5e6-d0c0-43fd-8479-40d94ad069b6' class='dbu-tile dbu-tile__link'><div class='dbu-tile__content'><div class='dbu-tile__content-container dbu-tile__content-container_single'><h4 class='dbu-tile__content-headline'>Press contact<\/h4><div class='dbu-tile__content-text'><\/div><\/div><\/div><\/div><\/div><\/div>\n","protected":false},"excerpt":{"rendered":"","protected":false},"author":6,"featured_media":0,"parent":0,"menu_order":14,"comment_status":"closed","ping_status":"closed","template":"","meta":{"footnotes":""},"class_list":["post-41786","page","type-page","status-publish","hentry"],"meta_box":{"dbu_headerimage_cover":"","dbu_submenu":"","dbu_submenu_position":"","dbu_submenu_entry":[]},"_links":{"self":[{"href":"https:\/\/www.dbu.de\/en\/wp-json\/wp\/v2\/pages\/41786","targetHints":{"allow":["GET"]}}],"collection":[{"href":"https:\/\/www.dbu.de\/en\/wp-json\/wp\/v2\/pages"}],"about":[{"href":"https:\/\/www.dbu.de\/en\/wp-json\/wp\/v2\/types\/page"}],"author":[{"embeddable":true,"href":"https:\/\/www.dbu.de\/en\/wp-json\/wp\/v2\/users\/6"}],"replies":[{"embeddable":true,"href":"https:\/\/www.dbu.de\/en\/wp-json\/wp\/v2\/comments?post=41786"}],"version-history":[{"count":2,"href":"https:\/\/www.dbu.de\/en\/wp-json\/wp\/v2\/pages\/41786\/revisions"}],"predecessor-version":[{"id":41820,"href":"https:\/\/www.dbu.de\/en\/wp-json\/wp\/v2\/pages\/41786\/revisions\/41820"}],"wp:attachment":[{"href":"https:\/\/www.dbu.de\/en\/wp-json\/wp\/v2\/media?parent=41786"}],"curies":[{"name":"wp","href":"https:\/\/api.w.org\/{rel}","templated":true}]}}