{"id":41713,"date":"2022-07-10T08:20:50","date_gmt":"2022-07-10T06:20:50","guid":{"rendered":"https:\/\/www.dbu.de\/overview-map\/"},"modified":"2023-06-22T13:10:53","modified_gmt":"2023-06-22T11:10:53","slug":"overview-map","status":"publish","type":"page","link":"https:\/\/www.dbu.de\/en\/natural-heritage\/areas\/overview-map\/","title":{"rendered":"Overview map"},"content":{"rendered":"<header id='dbu_header_mb-block-c5c4c925-ea41-42d1-86d4-31a70d8dfafd'><div class='dbu-header dbu-header_fixedheight  '><div class='swiper-wrapper'><div id='dbu_header_mb-block-c5c4c925-ea41-42d1-86d4-31a70d8dfafd' class='dbu-header dbu-header_fixedheight  swiper-slide' style='background-image: url(https:\/\/www.dbu.de\/app\/uploads\/naturerbe.jpg)'><div class='dbu-header__content'><h1 class='dbu-header__content-headline'>Overview map<\/h1><div class='dbu-header__content-text'>Properties of the DBU Naturerbe GmbH<\/div><\/div><\/div><\/div><\/div><\/header>\n\n\n<div class=\"wp-block-wordpress-dbu-dbu-container\"><div id=\"map\">\n            Um die OpenStreetMap-Karte unserer Liegenschaften zu laden, dr\u00fccken Sie bitte den folgenden Button.<br>\n            Bitte beachten Sie, dass in diesem Fall externe Programme von OpenStreetMap geladen werden, die unter Umst\u00e4nden Zugriff auf personenbezogene Daten von Ihnen haben k\u00f6nnten. Bitte ber\u00fccksichtigen Sie dazu die <a href=\"\/impressum\">Erl\u00e4uterungen in unserem Impressum<\/a>.<br>\n            <button class=\"dbu-button\" id=\"btn\">Ich m\u00f6chte die Karte von OpenStreetMap laden<\/button>\n        <\/div>\n        <script>\n            var button = document.getElementById(\"btn\");\n            var map = document.getElementById(\"map\");\n\n            button.addEventListener(\"click\", function() {\n                const elements = '<iframe loading=\"lazy\" width=\"100%\" height=\"800\" src=\"https:\/\/portal.namis-dbu.de\/arcgis\/apps\/experiencebuilder\/experience\/?id=a5158a464cbd485fabfd3006b982d839\" id=\"iframe\" frameborder=\"0\"><\/iframe>';  \n                map.innerHTML = elements;\n            });\n        <\/script>\n<\/div>\n","protected":false},"excerpt":{"rendered":"","protected":false},"author":1,"featured_media":0,"parent":42044,"menu_order":1,"comment_status":"closed","ping_status":"closed","template":"page-naturerbe.php","meta":{"footnotes":""},"class_list":["post-41713","page","type-page","status-publish","hentry"],"meta_box":{"dbu_headerimage_cover":"","dbu_submenu":"","dbu_submenu_position":"","dbu_submenu_entry":[]},"_links":{"self":[{"href":"https:\/\/www.dbu.de\/en\/wp-json\/wp\/v2\/pages\/41713","targetHints":{"allow":["GET"]}}],"collection":[{"href":"https:\/\/www.dbu.de\/en\/wp-json\/wp\/v2\/pages"}],"about":[{"href":"https:\/\/www.dbu.de\/en\/wp-json\/wp\/v2\/types\/page"}],"author":[{"embeddable":true,"href":"https:\/\/www.dbu.de\/en\/wp-json\/wp\/v2\/users\/1"}],"replies":[{"embeddable":true,"href":"https:\/\/www.dbu.de\/en\/wp-json\/wp\/v2\/comments?post=41713"}],"version-history":[{"count":2,"href":"https:\/\/www.dbu.de\/en\/wp-json\/wp\/v2\/pages\/41713\/revisions"}],"predecessor-version":[{"id":41755,"href":"https:\/\/www.dbu.de\/en\/wp-json\/wp\/v2\/pages\/41713\/revisions\/41755"}],"up":[{"embeddable":true,"href":"https:\/\/www.dbu.de\/en\/wp-json\/wp\/v2\/pages\/42044"}],"wp:attachment":[{"href":"https:\/\/www.dbu.de\/en\/wp-json\/wp\/v2\/media?parent=41713"}],"curies":[{"name":"wp","href":"https:\/\/api.w.org\/{rel}","templated":true}]}}