{"id":41605,"date":"2022-07-15T12:35:50","date_gmt":"2022-07-15T10:35:50","guid":{"rendered":"https:\/\/www.dbu.de\/2015-2\/"},"modified":"2024-02-09T14:22:20","modified_gmt":"2024-02-09T13:22:20","slug":"2015-2","status":"publish","type":"page","link":"https:\/\/www.dbu.de\/en\/umweltpreis\/environmental-award-symposium\/2015-2\/","title":{"rendered":"2015"},"content":{"rendered":"<header id='dbu_header_mb-block-db5787b9-edbf-445a-95af-535296153944'><div class='dbu-header dbu-header_fixedheight  '><div class='swiper-wrapper'><div id='dbu_header_mb-block-db5787b9-edbf-445a-95af-535296153944' class='dbu-header dbu-header_fixedheight  swiper-slide' style='background-image: url(https:\/\/www.dbu.de\/app\/uploads\/dbu_media-53296335167_06a01d94d4_o-1-1920x1280.jpg)'><div class='dbu-button__icon-wrapper'> <a href=\"https:\/\/www.dbu.de\/en\/media-media-media-media-media-media-media-media-53296335167_06a01d94d4_o\/\"><i class=\"fa-sharp fa-solid fa-down dbu-button__icon-download\"><\/i><\/a><div class='dbu-button__icon-copyright'><div class='dbu-button__icon-copyright-icon'>&copy;<\/div><i class='fa-sharp fa-solid fa-circle-xmark dbu-button__icon-copyright-close'><\/i><div class='dbu-button__icon-copyright-text'>Peter Himsel\/DBU<\/div><\/div><\/div><div class='dbu-header__content'><h1 class='dbu-header__content-headline'>DBU-Symposium 2015<\/h1><div class='dbu-header__content-text'>07.11.2015 in Essen<\/div><\/div><\/div><\/div><\/div><\/header>\n\n\n<div class=\"wp-block-wordpress-dbu-dbu-container\">\n<h2 class=\"wp-block-heading\">Digitization &#8211; Global! Sustainable? Opportunities and risks of a megatrend for our society.<\/h2>\n\n\n\n<p>The event in Essen was entitled: &#8220;Digitization &#8211; Global! Sustainable? Opportunities and Risks of a Megatrend for our Society.&#8221;<\/p>\n\n\n\n<p>Under buzzwords such as Industry 4.0, Internet of Things, Smart Cities, Big Data or Smart Mobility, fundamental changes are emerging that affect many areas of our lives. The world is becoming more connected and smarter, but at the same time more decentralized and in many cases more efficient.<br>This raises the question: Is it also possible to achieve the often postulated increase in energy and resource efficiency, or do rebound effects compensate for this development? What contribution can digitization make to sustainable development? What framework conditions do we need to create for this?<\/p>\n\n\n\n<p>Our invitation was accepted by high-profile guests as keynote speakers and discussants, including Prof. Dr. Rainer Grie\u00dfhammer (\u00d6ko-Institut e.V., winner of the German Environmental Award), Prof. Dr. Jorge Gro\u00df (Otto Friedrich University Bamberg), Dr. R\u00fcdiger Grube (Deutsche Bahn AG), Hildegard M\u00fcller (BDEW), Prof. Dr. Stephan Rammler (HBK Braunschweig, Head of the Institute for Transportation Design), Sarah Seidemann (BDI) and Prof. Dr. Marion A. Weissenberger-Eibl (Head of the Fraunhofer Institute for Systems and Innovation Research).<\/p>\n\n\n\n<p>They presented how science and industry &#8211; above all such important sectors as <em>energy<\/em> and <em>mobility<\/em> &#8211; assess the opportunities and risks of this megatrend.<\/p>\n\n\n\n<p>The event was moderated by Klemens Kindermann, head of the business editorial department of Deutschlandfunk.<\/p>\n\n\n\n<div class=\"wp-block-file\"><a id=\"wp-block-file--media-22d36078-c036-430f-8582-c2f521d91d63\" href=\"https:\/\/www.dbu.de\/app\/uploads\/Programm.pdf\">Program<\/a><a href=\"https:\/\/www.dbu.de\/app\/uploads\/Programm.pdf\" class=\"wp-block-file__button wp-element-button\" download aria-describedby=\"wp-block-file--media-22d36078-c036-430f-8582-c2f521d91d63\">Download<\/a><\/div>\n<\/div>\n\n\n\n<div class=\"wp-block-wordpress-dbu-dbu-container\">\n<h2 class=\"wp-block-heading\">Videos &amp; Pictures<\/h2>\n\n\n\n<p><a href=\"https:\/\/www.youtube.com\/watch?v=7eMEnrMxe3k\">At Youtube: 1\/5 &#8211; DBU Symposium &#8220;Digitalization &#8211; Global!Sustainable?&#8221;<\/a><\/p>\n\n\n\n<p><a href=\"https:\/\/www.youtube.com\/watch?v=db7Pjs_zwn4\">On Youtube: 2\/5<\/a><\/p>\n\n\n\n<p><a href=\"https:\/\/www.youtube.com\/watch?v=C_Cfu3ugue8\">On Youtube: 3\/5<\/a><\/p>\n\n\n\n<p><a href=\"https:\/\/www.youtube.com\/watch?v=fq4rKixXHj8\">On Youtube: 4\/5<\/a><\/p>\n\n\n\n<p><a href=\"https:\/\/www.youtube.com\/watch?v=x1R-hGccDWI\">On Youtube: 5\/5<\/a><\/p>\n\n\n\n<p>You can view our picture gallery on flickr:<\/p>\n\n\n\n<p><a href=\"https:\/\/www.flickr.com\/photos\/d_b_u\/albums\/72157659210740994\/with\/22842431737\/\">Image gallery<\/a><\/p>\n<\/div>\n","protected":false},"excerpt":{"rendered":"","protected":false},"author":1,"featured_media":0,"parent":41771,"menu_order":4,"comment_status":"closed","ping_status":"closed","template":"","meta":{"footnotes":""},"class_list":["post-41605","page","type-page","status-publish","hentry"],"meta_box":{"dbu_headerimage_cover":"","dbu_submenu":"","dbu_submenu_position":"","dbu_submenu_entry":[]},"_links":{"self":[{"href":"https:\/\/www.dbu.de\/en\/wp-json\/wp\/v2\/pages\/41605","targetHints":{"allow":["GET"]}}],"collection":[{"href":"https:\/\/www.dbu.de\/en\/wp-json\/wp\/v2\/pages"}],"about":[{"href":"https:\/\/www.dbu.de\/en\/wp-json\/wp\/v2\/types\/page"}],"author":[{"embeddable":true,"href":"https:\/\/www.dbu.de\/en\/wp-json\/wp\/v2\/users\/1"}],"replies":[{"embeddable":true,"href":"https:\/\/www.dbu.de\/en\/wp-json\/wp\/v2\/comments?post=41605"}],"version-history":[{"count":2,"href":"https:\/\/www.dbu.de\/en\/wp-json\/wp\/v2\/pages\/41605\/revisions"}],"predecessor-version":[{"id":65811,"href":"https:\/\/www.dbu.de\/en\/wp-json\/wp\/v2\/pages\/41605\/revisions\/65811"}],"up":[{"embeddable":true,"href":"https:\/\/www.dbu.de\/en\/wp-json\/wp\/v2\/pages\/41771"}],"wp:attachment":[{"href":"https:\/\/www.dbu.de\/en\/wp-json\/wp\/v2\/media?parent=41605"}],"curies":[{"name":"wp","href":"https:\/\/api.w.org\/{rel}","templated":true}]}}