{"id":41153,"date":"2023-06-15T09:27:59","date_gmt":"2023-06-15T07:27:59","guid":{"rendered":"https:\/\/www.dbu.de\/topics\/dbu-sustainable-digital\/"},"modified":"2024-06-17T15:18:36","modified_gmt":"2024-06-17T13:18:36","slug":"dbu-sustainable-digital","status":"publish","type":"page","link":"https:\/\/www.dbu.de\/en\/topics\/dbu-sustainable-digital\/","title":{"rendered":"DBU sustainable.digital"},"content":{"rendered":"<header id='dbu_header_mb-block-94361348-b5de-4702-ab44-cb91d1a84cbc'><div class='dbu-header dbu-header_fixedheight  '><div class='swiper-wrapper'><div id='dbu_header_mb-block-94361348-b5de-4702-ab44-cb91d1a84cbc' class='dbu-header dbu-header_fixedheight  dbu-header__content-side swiper-slide' style='background-image: url(https:\/\/www.dbu.de\/app\/uploads\/dbu_media-YT_Profilbild-e1689329964450.jpg)'><div class='dbu-header__content-side-large' style='background-image: url(https:\/\/www.dbu.de\/app\/uploads\/dbu_media-YT_Profilbild-e1689329964450.jpg)'><\/div><div class='dbu-header__content-side-small'><div class='dbu-header__content-side-container'><div class='dbu-header__content-side-container-content'><h1 class='dbu-header__content-headline'>DBU nachhaltig.digital<\/h1><div class='dbu-header__content-text'>Als Knotenpunkt f\u00fcr die Doppelte Transformation unterst\u00fctzen wir Akteure dabei, die Digitalisierung als Instrument f\u00fcr eine nachhaltigere Zukunft zu nutzen.\r\n\r\nWir geben Orientierung, Inspiration und bieten ein gro\u00dfes Netzwerk.<\/div><\/div><\/div><\/div><\/div><\/div><\/div><\/header>\n<div class=\"wp-block-wordpress-dbu-dbu-container\">\n<p>Sustainability and digitization are among the major megatrends of our time and &#8211; thought together &#8211; can create ecological, social and economic benefits for companies. Digitization is crucial for the competitiveness of companies and economies, but it must be consistently aligned with sustainability criteria in order to adequately address ecological guard rails and social consequences. This so-called twin transition was defined by the EU Commission in its Green Deal with sustainable digitization for all sectors, and the German government also set the two major transformation topics of sustainability and digitization as priorities for its Digital Summit 2020. Where do SMEs locate themselves, where are the opportunities and challenges? SMEs see these potentials in principle, but they need an overarching classification as well as a practical reference in order to be able to use sustainable digitization for their own business operations in a target-oriented way: DBU nachhaltig.digital is the place to be.<\/p>\n<\/div>\n\n<div class=\"wp-block-wordpress-dbu-dbu-container\"><div id='dbu_tile_text_mb-block-d03226db-d8ac-40ca-99f7-b790d83d23fd' class='dbu-tile__container '><a id='dbu_tile_text_mb-block-d03226db-d8ac-40ca-99f7-b790d83d23fd' class='dbu-tile dbu-tile_link' href='https:\/\/www.dbu.de\/themen\/nachhaltigdigital\/bausteine\/'><div class='dbu-tile__background' style='background-image: url(https:\/\/www.dbu.de\/app\/uploads\/DBU-nd_Header-Nachhaltigkeitsbausteine-scaled-e1687867260991-400x222.jpg)'><\/div><div class='dbu-tile__content'><div class='dbu-tile__content-background' style='background-image: url(https:\/\/www.dbu.de\/app\/uploads\/DBU-nd_Header-Nachhaltigkeitsbausteine-scaled-e1687867260991-400x222.jpg)'><div class='dbu-tile__content-container dbu-tile__content-container_single'><h4 class='dbu-tile__content-headline'>Building blocks<\/h4><div class='dbu-tile__content-text'><\/div><\/div><\/div><\/div><\/a><a id='dbu_tile_text_mb-block-d03226db-d8ac-40ca-99f7-b790d83d23fd' class='dbu-tile dbu-tile_link' href='https:\/\/www.dbu.de\/themen\/nachhaltigdigital\/monitor\/'><div class='dbu-tile__background' style='background-image: url(https:\/\/www.dbu.de\/app\/uploads\/Sharepic_Website-1-400x311.jpg)'><\/div><div class='dbu-tile__content'><div class='dbu-tile__content-background' style='background-image: url(https:\/\/www.dbu.de\/app\/uploads\/Sharepic_Website-1-400x311.jpg)'><div class='dbu-tile__content-container dbu-tile__content-container_single'><h4 class='dbu-tile__content-headline'>Monitor<\/h4><div class='dbu-tile__content-text'><\/div><\/div><\/div><\/div><\/a><\/div><\/div>\n\n<div class=\"wp-block-wordpress-dbu-dbu-container\">\n<h3 class=\"wp-block-heading\">Contact<\/h3>\n\n\n<div id='dbu_tile_person_mb-block-22c4c4cc-22d8-4a6e-b378-81e95593d4c6' class='dbu-tile__container '><div id='660' class='dbu-tile dbu-tile__person'><div class='dbu-tile__content'><div class='dbu-tile__content-container' style='background-image: url(https:\/\/www.dbu.de\/app\/uploads\/Dr.-Rainer-Erb.jpg)'><div class='dbu-tile__background'>\n                            <div class='dbu-tile__background-image' style='background-image: url(https:\/\/www.dbu.de\/app\/uploads\/Dr.-Rainer-Erb.jpg)'><\/div>\n                            <h5 class='dbu-tile__content-headline'>Dr.  Rainer Erb<\/h5>\n                        <\/div>\n                    <\/div><div class='dbu-tile__person-content-container hovered_info'><div class='dbu-tile__person-content'>\n                            <div class='info'><div><strong>DBU Zentrum f\u00fcr Umweltkommunikation<\/strong>: <span>Bionik<\/span> \u2013 <span>DBU nachhaltig.digital<\/span><\/div><\/div>\n                            <div class='phone'>\n                                +49 541 9633-950\n                            <\/div>\n                            <div class='mail'>\n                                <a href='\/app\/plugins\/hidden-send.php?id=WyeHiDfx%2FDYH1ezfnkEm2A%3D%3D'>E-Mail schreiben<\/a>\n                            <\/div>\n                            <\/div><div class='dbu-tile__person-content-links'><a href='#' class='dbu-tile__person-content-links-link dbu-tile__person-content-links-link_info'><span class='fa-sharp fa-solid fa-circle-info active'><\/span><\/a><a href='tel:+49 541 9633-950' class='dbu-tile__person-content-links-link dbu-tile__person-content-links-link_phone'><span class='fa-sharp fa-solid fa-phone-flip'><\/span><\/a><a href='\/app\/plugins\/hidden-send.php?id=WyeHiDfx%2FDYH1ezfnkEm2A%3D%3D' class='dbu-tile__person-content-links-link  dbu-tile__person-content-links-link_mail'><span class='fa-sharp fa-solid fa-at'><\/span><\/a><\/div><\/div><\/div><\/div><\/div><\/div>\n","protected":false},"excerpt":{"rendered":"","protected":false},"author":1,"featured_media":0,"parent":28830,"menu_order":3,"comment_status":"closed","ping_status":"closed","template":"","meta":{"footnotes":""},"class_list":["post-41153","page","type-page","status-publish","hentry"],"meta_box":{"dbu_headerimage_cover":"","dbu_submenu":"","dbu_submenu_position":"","dbu_submenu_entry":[]},"_links":{"self":[{"href":"https:\/\/www.dbu.de\/en\/wp-json\/wp\/v2\/pages\/41153","targetHints":{"allow":["GET"]}}],"collection":[{"href":"https:\/\/www.dbu.de\/en\/wp-json\/wp\/v2\/pages"}],"about":[{"href":"https:\/\/www.dbu.de\/en\/wp-json\/wp\/v2\/types\/page"}],"author":[{"embeddable":true,"href":"https:\/\/www.dbu.de\/en\/wp-json\/wp\/v2\/users\/1"}],"replies":[{"embeddable":true,"href":"https:\/\/www.dbu.de\/en\/wp-json\/wp\/v2\/comments?post=41153"}],"version-history":[{"count":6,"href":"https:\/\/www.dbu.de\/en\/wp-json\/wp\/v2\/pages\/41153\/revisions"}],"predecessor-version":[{"id":97264,"href":"https:\/\/www.dbu.de\/en\/wp-json\/wp\/v2\/pages\/41153\/revisions\/97264"}],"up":[{"embeddable":true,"href":"https:\/\/www.dbu.de\/en\/wp-json\/wp\/v2\/pages\/28830"}],"wp:attachment":[{"href":"https:\/\/www.dbu.de\/en\/wp-json\/wp\/v2\/media?parent=41153"}],"curies":[{"name":"wp","href":"https:\/\/api.w.org\/{rel}","templated":true}]}}