{"id":29679,"date":"2023-05-30T16:48:19","date_gmt":"2023-05-30T14:48:19","guid":{"rendered":"https:\/\/www.dbu.de\/promotion\/project-funding\/international-projects\/international-projects-contact\/"},"modified":"2025-09-30T11:51:36","modified_gmt":"2025-09-30T09:51:36","slug":"international-projects-contact","status":"publish","type":"page","link":"https:\/\/www.dbu.de\/en\/promotion\/project-funding\/international-projects\/international-projects-contact\/","title":{"rendered":"International Projects &#8211; Contact"},"content":{"rendered":"<header id='dbu_header_mb-block-04ee87ed-528d-479c-88d7-5fe4099d2529'><div class='dbu-header dbu-header_fixedheight  '><div class='swiper-wrapper'><div id='dbu_header_mb-block-04ee87ed-528d-479c-88d7-5fe4099d2529' class='dbu-header dbu-header_fixedheight  swiper-slide' style='background-image: url(https:\/\/www.dbu.de\/app\/uploads\/Fotolia_104359443_L_\u00a9-Denys-Rudyi-stock.adobe_.com_Ausschnitt_BearbeitungJLMD-1920x885.jpg)'><div class='dbu-button__icon-wrapper'><div class='dbu-button__icon-copyright'><div class='dbu-button__icon-copyright-icon'>&copy;<\/div><i class='fa-sharp fa-solid fa-circle-xmark dbu-button__icon-copyright-close'><\/i><div class='dbu-button__icon-copyright-text'>Fotolia &#8211; Denys Rudyi<\/div><\/div><\/div><div class='dbu-header__content'><h1 class='dbu-header__content-headline'>International project funding<\/h1><\/div><\/div><\/div><\/div><\/header>\n\n\n<div class=\"wp-block-wordpress-dbu-dbu-container\">\n<h2 class=\"wp-block-heading\">Contact<\/h2>\n\n\n<div id='dbu_textImg_mb-block-46ad6991-d04d-48df-a0f9-bfef929f6290' class='dbu-textImg    dbu-textImg '><div class='dbu-textImg__image dbu-textImg__image_contain' style='background-image: url(https:\/\/www.dbu.de\/app\/uploads\/domel-e01-600x800.jpg);'><\/div><div class='dbu-textImg__content'>                <div class=\"dbu-textImg__innerblock\">\n                    \n\n<p>For projects in the CEE countries or regions of Estonia, Latvia, Lithuania, Kaliningrad Oblast, Romania, Bulgaria, Ukraine, Moldova and Albania, as well as in the countries of the former Yugoslavia:<br><br><strong>Claudia Domel<\/strong><br>Special representative of the DBU<br><br>Department: Environmental Communication and Cultural Property Protection, International Promotion<br>T: +49 173 3770373<br>E: <a href=\"mailto:c.domel@dbu.de\">c.domel@dbu.de<\/a><\/p>\n\n\n                <\/div>\n            <\/div><\/div>\n\n<div id='dbu_textImg_mb-block-e9f59dd8-cc1b-469e-ab0a-742bc0f4e208' class='dbu-textImg    dbu-textImg '><div class='dbu-textImg__image dbu-textImg__image_contain' style='background-image: url(https:\/\/www.dbu.de\/app\/uploads\/cermanova-e02-600x800.jpg);'><\/div><div class='dbu-textImg__content'>                <div class=\"dbu-textImg__innerblock\">\n                    \n\n<p>For projects in the CEE countries Poland, Hungary, Czech Republic and Slovakia:<br><br><strong>Romana Cermanov\u00e1<\/strong><br>Special representative of the DBU<br><br>Spole\u010dnost pro Lu\u017eick\u00e9 hory \/ Society for the Lusatian Mountains e. V.<br>Zahradn\u00ed 781<br>CZ 463 34 Hr\u00e1dek nad Nisou<br>T: +420 777 216852<br>E: <a href=\"mailto:r.cermanova@gmail.com\">r.cermanova@gmail.com<\/a><\/p>\n\n\n                <\/div>\n            <\/div><\/div>\n\n<div id='dbu_textImg_mb-block-c70dffee-550d-461d-9ab0-6588dea4c89a' class='dbu-textImg    dbu-textImg '><div class='dbu-textImg__image dbu-textImg__image_contain' style='background-image: url(https:\/\/www.dbu.de\/app\/uploads\/Dr.-Alexander-Bittner.jpg);'><\/div><div class='dbu-textImg__content'>                <div class=\"dbu-textImg__innerblock\">\n                    \n\n<p>For projects outside CEE countries in the thematic areas of education and communication:<br><br><strong>Dr. Alexander Bittner<\/strong><br><br>Unit: Formal Education and Civil Society<br>Department: Environmental Communication and Cultural Property Protection, International Promotion<br>T: +49 541 9633 430<br>E: <a rel=\"noreferrer noopener\" href=\"mailto:a.bittner@dbu.de\" target=\"_blank\">a.bittner@dbu.de<\/a><\/p>\n\n\n                <\/div>\n            <\/div><\/div>\n\n<div id='dbu_textImg_mb-block-2185ecd8-7f6a-454b-8756-81eeafc2b0e9' class='dbu-textImg    dbu-textImg '><div class='dbu-textImg__image dbu-textImg__image_contain' style='background-image: url(https:\/\/www.dbu.de\/app\/uploads\/dbu-media-mitarbeitende-dbu-volz-sina.jpg);'><\/div><div class='dbu-textImg__content'>                <div class=\"dbu-textImg__innerblock\">\n                    \n\n<p>For projects outside the CEE countries in the thematic areas of nature conservation, water bodies and environmental research:<br><br><strong>Dr. Sina Volz<\/strong><br><br>Unit: Nature Nature Conservation and Water Protection<br>Department: Environmental Research<br>T: +49 541 9633 330<br>E: <a href=\"mailto:s.volz@dbu.de\" target=\"_blank\" rel=\"noreferrer noopener\">s.volz@dbu.de<\/a><\/p>\n\n\n                <\/div>\n            <\/div><\/div>\n\n<div id='dbu_textImg_mb-block-1ce98cdd-040d-4842-be54-961a3759e257' class='dbu-textImg    dbu-textImg '><div class='dbu-textImg__image dbu-textImg__image_contain' style='background-image: url(https:\/\/www.dbu.de\/app\/uploads\/Dr.-Ing.-Joerg-R.-Lefevre.jpg);'><\/div><div class='dbu-textImg__content'>                <div class=\"dbu-textImg__innerblock\">\n                    \n\n<p>For projects outside CEE countries in the thematic area of environmental technology:<br><br><strong>Dr.-Ing. J\u00f6rg R. Lef\u00e8vre<\/strong><br><br>Unit: Environment- and health-friendly processes and products<br>Department: Environmental engineering<br>T: +49 541 9633 210<br>E: <a href=\"mailto:j.lefevre@dbu.de\" target=\"_blank\" rel=\"noreferrer noopener\">j.lefevre@dbu.de<\/a><\/p>\n\n\n                <\/div>\n            <\/div><\/div><\/div>\n","protected":false},"excerpt":{"rendered":"","protected":false},"author":2,"featured_media":0,"parent":29143,"menu_order":3,"comment_status":"closed","ping_status":"closed","template":"","meta":{"footnotes":""},"class_list":["post-29679","page","type-page","status-publish","hentry"],"meta_box":{"dbu_headerimage_cover":"0","dbu_submenu":"0","dbu_submenu_position":"","dbu_submenu_entry":[]},"_links":{"self":[{"href":"https:\/\/www.dbu.de\/en\/wp-json\/wp\/v2\/pages\/29679","targetHints":{"allow":["GET"]}}],"collection":[{"href":"https:\/\/www.dbu.de\/en\/wp-json\/wp\/v2\/pages"}],"about":[{"href":"https:\/\/www.dbu.de\/en\/wp-json\/wp\/v2\/types\/page"}],"author":[{"embeddable":true,"href":"https:\/\/www.dbu.de\/en\/wp-json\/wp\/v2\/users\/2"}],"replies":[{"embeddable":true,"href":"https:\/\/www.dbu.de\/en\/wp-json\/wp\/v2\/comments?post=29679"}],"version-history":[{"count":7,"href":"https:\/\/www.dbu.de\/en\/wp-json\/wp\/v2\/pages\/29679\/revisions"}],"predecessor-version":[{"id":154092,"href":"https:\/\/www.dbu.de\/en\/wp-json\/wp\/v2\/pages\/29679\/revisions\/154092"}],"up":[{"embeddable":true,"href":"https:\/\/www.dbu.de\/en\/wp-json\/wp\/v2\/pages\/29143"}],"wp:attachment":[{"href":"https:\/\/www.dbu.de\/en\/wp-json\/wp\/v2\/media?parent=29679"}],"curies":[{"name":"wp","href":"https:\/\/api.w.org\/{rel}","templated":true}]}}